{"id":204,"date":"2019-12-13T15:45:52","date_gmt":"2019-12-13T15:45:52","guid":{"rendered":"https:\/\/rataparkki.fi\/?page_id=204"},"modified":"2020-09-30T18:55:28","modified_gmt":"2020-09-30T18:55:28","slug":"pysakointi-info","status":"publish","type":"page","link":"https:\/\/rataparkki.fi\/en\/pysakointi-info\/","title":{"rendered":"Parking-info"},"content":{"rendered":"\t\t<div data-elementor-type=\"wp-page\" data-elementor-id=\"204\" class=\"elementor elementor-204\" data-elementor-post-type=\"page\">\n\t\t\t\t\t\t<section class=\"elementor-section elementor-top-section elementor-element elementor-element-4da3647 elementor-section-height-min-height elementor-section-boxed elementor-section-height-default elementor-section-items-middle\" data-id=\"4da3647\" data-element_type=\"section\" data-e-type=\"section\" data-settings=\"{&quot;background_background&quot;:&quot;classic&quot;}\">\n\t\t\t\t\t\t\t<div class=\"elementor-background-overlay\"><\/div>\n\t\t\t\t\t\t\t<div class=\"elementor-container elementor-column-gap-default\">\n\t\t\t\t\t<div class=\"elementor-column elementor-col-100 elementor-top-column elementor-element elementor-element-8f4044d\" data-id=\"8f4044d\" data-element_type=\"column\" data-e-type=\"column\">\n\t\t\t<div class=\"elementor-widget-wrap elementor-element-populated\">\n\t\t\t\t\t\t<div class=\"elementor-element elementor-element-108bb1a elementor-invisible elementor-widget elementor-widget-text-editor\" data-id=\"108bb1a\" data-element_type=\"widget\" data-e-type=\"widget\" data-settings=\"{&quot;motion_fx_motion_fx_scrolling&quot;:&quot;yes&quot;,&quot;motion_fx_translateY_effect&quot;:&quot;yes&quot;,&quot;motion_fx_translateY_direction&quot;:&quot;negative&quot;,&quot;motion_fx_translateY_speed&quot;:{&quot;unit&quot;:&quot;px&quot;,&quot;size&quot;:2,&quot;sizes&quot;:[]},&quot;_animation&quot;:&quot;fadeIn&quot;,&quot;motion_fx_translateY_affectedRange&quot;:{&quot;unit&quot;:&quot;%&quot;,&quot;size&quot;:&quot;&quot;,&quot;sizes&quot;:{&quot;start&quot;:0,&quot;end&quot;:100}},&quot;motion_fx_devices&quot;:[&quot;desktop&quot;,&quot;tablet&quot;,&quot;mobile&quot;]}\" data-widget_type=\"text-editor.default\">\n\t\t\t\t<div class=\"elementor-widget-container\">\n\t\t\t\t\t\t\t\t\t<h1 style=\"font-weight: 900;\">Pys\u00e4&shy;k\u00f6inti-info<\/h1>\t\t\t\t\t\t\t\t<\/div>\n\t\t\t\t<\/div>\n\t\t\t\t\t<\/div>\n\t\t<\/div>\n\t\t\t\t\t<\/div>\n\t\t<\/section>\n\t\t\t\t<section class=\"elementor-section elementor-top-section elementor-element elementor-element-3522236 elementor-section-boxed elementor-section-height-default elementor-section-height-default\" data-id=\"3522236\" data-element_type=\"section\" data-e-type=\"section\">\n\t\t\t\t\t\t<div class=\"elementor-container elementor-column-gap-default\">\n\t\t\t\t\t<div class=\"elementor-column elementor-col-100 elementor-top-column elementor-element elementor-element-4b1f2ee\" data-id=\"4b1f2ee\" data-element_type=\"column\" data-e-type=\"column\">\n\t\t\t<div class=\"elementor-widget-wrap elementor-element-populated\">\n\t\t\t\t\t\t<div class=\"elementor-element elementor-element-dfc99b2 elementor-widget elementor-widget-text-editor\" data-id=\"dfc99b2\" data-element_type=\"widget\" data-e-type=\"widget\" data-widget_type=\"text-editor.default\">\n\t\t\t\t<div class=\"elementor-widget-container\">\n\t\t\t\t\t\t\t\t\t<p>Vantaan Tikkurilassa on voimassa yleinen pys\u00e4k\u00f6intikieltoalue.<\/p><p>Rataparkki helppoa ja edullista pys\u00e4k\u00f6intitilaa aivan Tikkurilan aseman ja kauppakeskus Dixien vieress\u00e4.<\/p>\t\t\t\t\t\t\t\t<\/div>\n\t\t\t\t<\/div>\n\t\t\t\t\t<\/div>\n\t\t<\/div>\n\t\t\t\t\t<\/div>\n\t\t<\/section>\n\t\t\t\t<section class=\"elementor-section elementor-top-section elementor-element elementor-element-b3b368e elementor-section-boxed elementor-section-height-default elementor-section-height-default\" data-id=\"b3b368e\" data-element_type=\"section\" data-e-type=\"section\">\n\t\t\t\t\t\t<div class=\"elementor-container elementor-column-gap-default\">\n\t\t\t\t\t<div class=\"elementor-column elementor-col-100 elementor-top-column elementor-element elementor-element-307cd88\" data-id=\"307cd88\" data-element_type=\"column\" data-e-type=\"column\">\n\t\t\t<div class=\"elementor-widget-wrap elementor-element-populated\">\n\t\t\t\t\t\t<div class=\"elementor-element elementor-element-04f01f1 elementor-widget elementor-widget-heading\" data-id=\"04f01f1\" data-element_type=\"widget\" data-e-type=\"widget\" data-widget_type=\"heading.default\">\n\t\t\t\t<div class=\"elementor-widget-container\">\n\t\t\t\t\t<h2 class=\"elementor-heading-title elementor-size-default\">Pys\u00e4k\u00f6intisovellukset<\/h2>\t\t\t\t<\/div>\n\t\t\t\t<\/div>\n\t\t\t\t<section class=\"elementor-section elementor-inner-section elementor-element elementor-element-755bcb9 elementor-section-boxed elementor-section-height-default elementor-section-height-default\" data-id=\"755bcb9\" data-element_type=\"section\" data-e-type=\"section\">\n\t\t\t\t\t\t<div class=\"elementor-container elementor-column-gap-default\">\n\t\t\t\t\t<div class=\"elementor-column elementor-col-50 elementor-inner-column elementor-element elementor-element-2f8d8da\" data-id=\"2f8d8da\" data-element_type=\"column\" data-e-type=\"column\">\n\t\t\t<div class=\"elementor-widget-wrap elementor-element-populated\">\n\t\t\t\t\t\t<div class=\"elementor-element elementor-element-bbea9a0 elementor-widget elementor-widget-text-editor\" data-id=\"bbea9a0\" data-element_type=\"widget\" data-e-type=\"widget\" data-widget_type=\"text-editor.default\">\n\t\t\t\t<div class=\"elementor-widget-container\">\n\t\t\t\t\t\t\t\t\t<p>Rataparkissa lyhytaikaisen pys\u00e4k\u00f6innin pys\u00e4k\u00f6intioikeus maksetaan VAIN <strong>ParkMan- tai EasyPark- pys\u00e4k\u00f6intisovelluksella.<\/strong><\/p><p>Sovellukset eli \u201dappsit\u201d kannattaa ladata \u00e4lypuhelimeen etuk\u00e4teen iOS- ja Android-sovelluskaupoista (AppStore ja (Google Store \/ Google Play Kauppa) osoitteessa <a href=\"http:\/\/play.google.com\/store\">play.google.com\/store<\/a>.<\/p>\t\t\t\t\t\t\t\t<\/div>\n\t\t\t\t<\/div>\n\t\t\t\t\t<\/div>\n\t\t<\/div>\n\t\t\t\t<div class=\"elementor-column elementor-col-50 elementor-inner-column elementor-element elementor-element-0f6f3aa\" data-id=\"0f6f3aa\" data-element_type=\"column\" data-e-type=\"column\">\n\t\t\t<div class=\"elementor-widget-wrap elementor-element-populated\">\n\t\t\t\t\t\t<div class=\"elementor-element elementor-element-c8b3e09 elementor-widget elementor-widget-text-editor\" data-id=\"c8b3e09\" data-element_type=\"widget\" data-e-type=\"widget\" data-widget_type=\"text-editor.default\">\n\t\t\t\t<div class=\"elementor-widget-container\">\n\t\t\t\t\t\t\t\t\t<p><strong>Ohje:<\/strong><\/p><p>Sovelluksiin luodaan oma k\u00e4ytt\u00e4j\u00e4tili ja sy\u00f6tet\u00e4\u00e4n veloitettavan pankki- tai luottokortin tiedot sek\u00e4 auton rekisterinumero. Pys\u00e4k\u00f6innin hinta m\u00e4\u00e4r\u00e4ytyy k\u00e4ytt\u00e4m\u00e4si ajan mukaan. Veloitus tapahtuu maksukortiltasi.<\/p><p>Voit ladata sovellukset Play- ja ikaupasta.<br \/><br \/><\/p>\t\t\t\t\t\t\t\t<\/div>\n\t\t\t\t<\/div>\n\t\t\t\t<div class=\"elementor-element elementor-element-403c7d6 elementor-widget__width-auto elementor-align-center elementor-widget elementor-widget-button\" data-id=\"403c7d6\" data-element_type=\"widget\" data-e-type=\"widget\" data-widget_type=\"button.default\">\n\t\t\t\t<div class=\"elementor-widget-container\">\n\t\t\t\t\t\t\t\t\t<div class=\"elementor-button-wrapper\">\n\t\t\t\t\t<a class=\"elementor-button elementor-button-link elementor-size-md\" href=\"https:\/\/play.google.com\/store\/apps\/details?id=com.neligrate.parkman&#038;hl=fi\">\n\t\t\t\t\t\t<span class=\"elementor-button-content-wrapper\">\n\t\t\t\t\t\t\t\t\t<span class=\"elementor-button-text\">ParkMan (Android)<\/span>\n\t\t\t\t\t<\/span>\n\t\t\t\t\t<\/a>\n\t\t\t\t<\/div>\n\t\t\t\t\t\t\t\t<\/div>\n\t\t\t\t<\/div>\n\t\t\t\t<div class=\"elementor-element elementor-element-42604e0 elementor-widget__width-auto elementor-align-center elementor-widget elementor-widget-button\" data-id=\"42604e0\" data-element_type=\"widget\" data-e-type=\"widget\" data-widget_type=\"button.default\">\n\t\t\t\t<div class=\"elementor-widget-container\">\n\t\t\t\t\t\t\t\t\t<div class=\"elementor-button-wrapper\">\n\t\t\t\t\t<a class=\"elementor-button elementor-button-link elementor-size-md\" href=\"https:\/\/apps.apple.com\/fi\/app\/parkman\/id505190698\">\n\t\t\t\t\t\t<span class=\"elementor-button-content-wrapper\">\n\t\t\t\t\t\t\t\t\t<span class=\"elementor-button-text\">ParkMan (IOS)<\/span>\n\t\t\t\t\t<\/span>\n\t\t\t\t\t<\/a>\n\t\t\t\t<\/div>\n\t\t\t\t\t\t\t\t<\/div>\n\t\t\t\t<\/div>\n\t\t\t\t<div class=\"elementor-element elementor-element-8471c45 elementor-widget__width-auto elementor-align-center elementor-widget elementor-widget-button\" data-id=\"8471c45\" data-element_type=\"widget\" data-e-type=\"widget\" data-widget_type=\"button.default\">\n\t\t\t\t<div class=\"elementor-widget-container\">\n\t\t\t\t\t\t\t\t\t<div class=\"elementor-button-wrapper\">\n\t\t\t\t\t<a class=\"elementor-button elementor-button-link elementor-size-md\" href=\"https:\/\/play.google.com\/store\/apps\/details?id=net.easypark.android&#038;hl=fi\">\n\t\t\t\t\t\t<span class=\"elementor-button-content-wrapper\">\n\t\t\t\t\t\t\t\t\t<span class=\"elementor-button-text\">EasyPark (Android)<\/span>\n\t\t\t\t\t<\/span>\n\t\t\t\t\t<\/a>\n\t\t\t\t<\/div>\n\t\t\t\t\t\t\t\t<\/div>\n\t\t\t\t<\/div>\n\t\t\t\t<div class=\"elementor-element elementor-element-acea176 elementor-widget__width-auto elementor-align-center elementor-widget elementor-widget-button\" data-id=\"acea176\" data-element_type=\"widget\" data-e-type=\"widget\" data-widget_type=\"button.default\">\n\t\t\t\t<div class=\"elementor-widget-container\">\n\t\t\t\t\t\t\t\t\t<div class=\"elementor-button-wrapper\">\n\t\t\t\t\t<a class=\"elementor-button elementor-button-link elementor-size-md\" href=\"https:\/\/apps.apple.com\/fi\/app\/easypark-easy-mobile-parking\/id449594317\">\n\t\t\t\t\t\t<span class=\"elementor-button-content-wrapper\">\n\t\t\t\t\t\t\t\t\t<span class=\"elementor-button-text\">Easypark (IOS)<\/span>\n\t\t\t\t\t<\/span>\n\t\t\t\t\t<\/a>\n\t\t\t\t<\/div>\n\t\t\t\t\t\t\t\t<\/div>\n\t\t\t\t<\/div>\n\t\t\t\t\t<\/div>\n\t\t<\/div>\n\t\t\t\t\t<\/div>\n\t\t<\/section>\n\t\t\t\t\t<\/div>\n\t\t<\/div>\n\t\t\t\t\t<\/div>\n\t\t<\/section>\n\t\t\t\t<section class=\"elementor-section elementor-top-section elementor-element elementor-element-5f1ed6e elementor-section-full_width animated-slow elementor-section-height-default elementor-section-height-default elementor-invisible\" data-id=\"5f1ed6e\" data-element_type=\"section\" data-e-type=\"section\" data-settings=\"{&quot;animation&quot;:&quot;fadeIn&quot;}\">\n\t\t\t\t\t\t<div class=\"elementor-container elementor-column-gap-default\">\n\t\t\t\t\t<div class=\"elementor-column elementor-col-100 elementor-top-column elementor-element elementor-element-13e657c\" data-id=\"13e657c\" data-element_type=\"column\" data-e-type=\"column\">\n\t\t\t<div class=\"elementor-widget-wrap elementor-element-populated\">\n\t\t\t\t\t\t<section class=\"elementor-section elementor-inner-section elementor-element elementor-element-e806774 elementor-section-boxed elementor-section-height-default elementor-section-height-default\" data-id=\"e806774\" data-element_type=\"section\" data-e-type=\"section\">\n\t\t\t\t\t\t<div class=\"elementor-container elementor-column-gap-default\">\n\t\t\t\t\t<div class=\"elementor-column elementor-col-100 elementor-inner-column elementor-element elementor-element-f8f8e20\" data-id=\"f8f8e20\" data-element_type=\"column\" data-e-type=\"column\" data-settings=\"{&quot;background_background&quot;:&quot;classic&quot;}\">\n\t\t\t<div class=\"elementor-widget-wrap elementor-element-populated\">\n\t\t\t\t\t\t<div class=\"elementor-element elementor-element-c90eedb elementor-widget elementor-widget-heading\" data-id=\"c90eedb\" data-element_type=\"widget\" data-e-type=\"widget\" data-widget_type=\"heading.default\">\n\t\t\t\t<div class=\"elementor-widget-container\">\n\t\t\t\t\t<h2 class=\"elementor-heading-title elementor-size-default\">Pys\u00e4k\u00f6intitalon kameravalvonta<\/h2>\t\t\t\t<\/div>\n\t\t\t\t<\/div>\n\t\t\t\t<div class=\"elementor-element elementor-element-3f509a1 elementor-widget elementor-widget-text-editor\" data-id=\"3f509a1\" data-element_type=\"widget\" data-e-type=\"widget\" data-widget_type=\"text-editor.default\">\n\t\t\t\t<div class=\"elementor-widget-container\">\n\t\t\t\t\t\t\t\t\t<p>Rataparkin kameravalvonnan tarkoituksena on omaisuuden suojaus, rikosten ennaltaehk\u00e4isy, rikosten selvitt\u00e4minen, henkil\u00f6kunnan ja asiakkaiden turvallisuuden varmistus. Rekisterinpit\u00e4j\u00e4n\u00e4 toimii Rataparkki Oy.<\/p>\t\t\t\t\t\t\t\t<\/div>\n\t\t\t\t<\/div>\n\t\t\t\t<div class=\"elementor-element elementor-element-3102418 elementor-align-center elementor-widget elementor-widget-button\" data-id=\"3102418\" data-element_type=\"widget\" data-e-type=\"widget\" data-widget_type=\"button.default\">\n\t\t\t\t<div class=\"elementor-widget-container\">\n\t\t\t\t\t\t\t\t\t<div class=\"elementor-button-wrapper\">\n\t\t\t\t\t<a class=\"elementor-button elementor-button-link elementor-size-md\" href=\"https:\/\/rataparkki.fi\/yhteystiedot\/\">\n\t\t\t\t\t\t<span class=\"elementor-button-content-wrapper\">\n\t\t\t\t\t\t\t\t\t<span class=\"elementor-button-text\">Ota yhteytt\u00e4<\/span>\n\t\t\t\t\t<\/span>\n\t\t\t\t\t<\/a>\n\t\t\t\t<\/div>\n\t\t\t\t\t\t\t\t<\/div>\n\t\t\t\t<\/div>\n\t\t\t\t\t<\/div>\n\t\t<\/div>\n\t\t\t\t\t<\/div>\n\t\t<\/section>\n\t\t\t\t\t<\/div>\n\t\t<\/div>\n\t\t\t\t\t<\/div>\n\t\t<\/section>\n\t\t\t\t<\/div>\n\t\t","protected":false},"excerpt":{"rendered":"<p>Pys\u00e4\u00adk\u00f6inti-info Vantaan Tikkurilassa on voimassa yleinen pys\u00e4k\u00f6intikieltoalue. Rataparkki helppoa ja edullista pys\u00e4k\u00f6intitilaa aivan Tikkurilan aseman ja kauppakeskus Dixien vieress\u00e4. Pys\u00e4k\u00f6intisovellukset Rataparkissa lyhytaikaisen pys\u00e4k\u00f6innin pys\u00e4k\u00f6intioikeus maksetaan VAIN ParkMan- tai EasyPark- pys\u00e4k\u00f6intisovelluksella. Sovellukset eli \u201dappsit\u201d kannattaa ladata \u00e4lypuhelimeen etuk\u00e4teen iOS- ja Android-sovelluskaupoista (AppStore ja (Google Store \/ Google Play Kauppa) osoitteessa play.google.com\/store. Ohje: Sovelluksiin luodaan oma k\u00e4ytt\u00e4j\u00e4tili [&hellip;]<\/p>\n","protected":false},"author":4,"featured_media":0,"parent":0,"menu_order":0,"comment_status":"closed","ping_status":"closed","template":"","meta":{"footnotes":""},"class_list":["post-204","page","type-page","status-publish","hentry"],"yoast_head":"<!-- This site is optimized with the Yoast SEO plugin v27.3 - https:\/\/yoast.com\/product\/yoast-seo-wordpress\/ -->\n<title>Pys\u00e4k\u00f6inti-info Rataparkki<\/title>\n<meta name=\"description\" content=\"Pys\u00e4k\u00f6intitalo aivan pys\u00e4k\u00f6intitalo Tikkurilan aseman aseman vieress\u00e4. Katso palvelut ja pys\u00e4k\u00f6intihinnat\" \/>\n<meta name=\"robots\" content=\"index, follow, max-snippet:-1, max-image-preview:large, max-video-preview:-1\" \/>\n<link rel=\"canonical\" href=\"https:\/\/rataparkki.fi\/en\/pysakointi-info\/\" \/>\n<meta property=\"og:locale\" content=\"en_GB\" \/>\n<meta property=\"og:type\" content=\"article\" \/>\n<meta property=\"og:title\" content=\"Pys\u00e4k\u00f6inti-info Rataparkki\" \/>\n<meta property=\"og:description\" content=\"Pys\u00e4k\u00f6intitalo aivan pys\u00e4k\u00f6intitalo Tikkurilan aseman aseman vieress\u00e4. Katso palvelut ja pys\u00e4k\u00f6intihinnat\" \/>\n<meta property=\"og:url\" content=\"https:\/\/rataparkki.fi\/en\/pysakointi-info\/\" \/>\n<meta property=\"og:site_name\" content=\"Rataparkki\" \/>\n<meta property=\"article:modified_time\" content=\"2020-09-30T18:55:28+00:00\" \/>\n<meta property=\"og:image\" content=\"https:\/\/rataparkki.fi\/wp-content\/uploads\/2019\/12\/Ratakujan-parkki.jpg\" \/>\n\t<meta property=\"og:image:width\" content=\"1800\" \/>\n\t<meta property=\"og:image:height\" content=\"911\" \/>\n\t<meta property=\"og:image:type\" content=\"image\/jpeg\" \/>\n<meta name=\"twitter:card\" content=\"summary_large_image\" \/>\n<meta name=\"twitter:label1\" content=\"Estimated reading time\" \/>\n\t<meta name=\"twitter:data1\" content=\"1 minute\" \/>\n<script type=\"application\/ld+json\" class=\"yoast-schema-graph\">{\"@context\":\"https:\\\/\\\/schema.org\",\"@graph\":[{\"@type\":\"WebPage\",\"@id\":\"https:\\\/\\\/rataparkki.fi\\\/pysakointi-info\\\/\",\"url\":\"https:\\\/\\\/rataparkki.fi\\\/pysakointi-info\\\/\",\"name\":\"Pys\u00e4k\u00f6inti-info Rataparkki\",\"isPartOf\":{\"@id\":\"https:\\\/\\\/rataparkki.fi\\\/#website\"},\"datePublished\":\"2019-12-13T15:45:52+00:00\",\"dateModified\":\"2020-09-30T18:55:28+00:00\",\"description\":\"Pys\u00e4k\u00f6intitalo aivan pys\u00e4k\u00f6intitalo Tikkurilan aseman aseman vieress\u00e4. Katso palvelut ja pys\u00e4k\u00f6intihinnat\",\"breadcrumb\":{\"@id\":\"https:\\\/\\\/rataparkki.fi\\\/pysakointi-info\\\/#breadcrumb\"},\"inLanguage\":\"en-GB\",\"potentialAction\":[{\"@type\":\"ReadAction\",\"target\":[\"https:\\\/\\\/rataparkki.fi\\\/pysakointi-info\\\/\"]}]},{\"@type\":\"BreadcrumbList\",\"@id\":\"https:\\\/\\\/rataparkki.fi\\\/pysakointi-info\\\/#breadcrumb\",\"itemListElement\":[{\"@type\":\"ListItem\",\"position\":1,\"name\":\"Home\",\"item\":\"https:\\\/\\\/rataparkki.fi\\\/\"},{\"@type\":\"ListItem\",\"position\":2,\"name\":\"Pys\u00e4k\u00f6inti-info\"}]},{\"@type\":\"WebSite\",\"@id\":\"https:\\\/\\\/rataparkki.fi\\\/#website\",\"url\":\"https:\\\/\\\/rataparkki.fi\\\/\",\"name\":\"Rataparkki\",\"description\":\"admin_q51g3vvk\",\"publisher\":{\"@id\":\"https:\\\/\\\/rataparkki.fi\\\/#organization\"},\"potentialAction\":[{\"@type\":\"SearchAction\",\"target\":{\"@type\":\"EntryPoint\",\"urlTemplate\":\"https:\\\/\\\/rataparkki.fi\\\/?s={search_term_string}\"},\"query-input\":{\"@type\":\"PropertyValueSpecification\",\"valueRequired\":true,\"valueName\":\"search_term_string\"}}],\"inLanguage\":\"en-GB\"},{\"@type\":\"Organization\",\"@id\":\"https:\\\/\\\/rataparkki.fi\\\/#organization\",\"name\":\"Rataparkki\",\"url\":\"https:\\\/\\\/rataparkki.fi\\\/\",\"logo\":{\"@type\":\"ImageObject\",\"inLanguage\":\"en-GB\",\"@id\":\"https:\\\/\\\/rataparkki.fi\\\/#\\\/schema\\\/logo\\\/image\\\/\",\"url\":\"https:\\\/\\\/rataparkki.fi\\\/wp-content\\\/uploads\\\/2020\\\/01\\\/Rataparkki-logo.svg\",\"contentUrl\":\"https:\\\/\\\/rataparkki.fi\\\/wp-content\\\/uploads\\\/2020\\\/01\\\/Rataparkki-logo.svg\",\"width\":102,\"height\":60,\"caption\":\"Rataparkki\"},\"image\":{\"@id\":\"https:\\\/\\\/rataparkki.fi\\\/#\\\/schema\\\/logo\\\/image\\\/\"}}]}<\/script>\n<!-- \/ Yoast SEO plugin. -->","yoast_head_json":{"title":"Pys\u00e4k\u00f6inti-info Rataparkki","description":"Pys\u00e4k\u00f6intitalo aivan pys\u00e4k\u00f6intitalo Tikkurilan aseman aseman vieress\u00e4. Katso palvelut ja pys\u00e4k\u00f6intihinnat","robots":{"index":"index","follow":"follow","max-snippet":"max-snippet:-1","max-image-preview":"max-image-preview:large","max-video-preview":"max-video-preview:-1"},"canonical":"https:\/\/rataparkki.fi\/en\/pysakointi-info\/","og_locale":"en_GB","og_type":"article","og_title":"Pys\u00e4k\u00f6inti-info Rataparkki","og_description":"Pys\u00e4k\u00f6intitalo aivan pys\u00e4k\u00f6intitalo Tikkurilan aseman aseman vieress\u00e4. Katso palvelut ja pys\u00e4k\u00f6intihinnat","og_url":"https:\/\/rataparkki.fi\/en\/pysakointi-info\/","og_site_name":"Rataparkki","article_modified_time":"2020-09-30T18:55:28+00:00","og_image":[{"width":1800,"height":911,"url":"https:\/\/rataparkki.fi\/wp-content\/uploads\/2019\/12\/Ratakujan-parkki.jpg","type":"image\/jpeg"}],"twitter_card":"summary_large_image","twitter_misc":{"Estimated reading time":"1 minute"},"schema":{"@context":"https:\/\/schema.org","@graph":[{"@type":"WebPage","@id":"https:\/\/rataparkki.fi\/pysakointi-info\/","url":"https:\/\/rataparkki.fi\/pysakointi-info\/","name":"Pys\u00e4k\u00f6inti-info Rataparkki","isPartOf":{"@id":"https:\/\/rataparkki.fi\/#website"},"datePublished":"2019-12-13T15:45:52+00:00","dateModified":"2020-09-30T18:55:28+00:00","description":"Pys\u00e4k\u00f6intitalo aivan pys\u00e4k\u00f6intitalo Tikkurilan aseman aseman vieress\u00e4. Katso palvelut ja pys\u00e4k\u00f6intihinnat","breadcrumb":{"@id":"https:\/\/rataparkki.fi\/pysakointi-info\/#breadcrumb"},"inLanguage":"en-GB","potentialAction":[{"@type":"ReadAction","target":["https:\/\/rataparkki.fi\/pysakointi-info\/"]}]},{"@type":"BreadcrumbList","@id":"https:\/\/rataparkki.fi\/pysakointi-info\/#breadcrumb","itemListElement":[{"@type":"ListItem","position":1,"name":"Home","item":"https:\/\/rataparkki.fi\/"},{"@type":"ListItem","position":2,"name":"Pys\u00e4k\u00f6inti-info"}]},{"@type":"WebSite","@id":"https:\/\/rataparkki.fi\/#website","url":"https:\/\/rataparkki.fi\/","name":"Rataparkki","description":"admin_q51g3vvk","publisher":{"@id":"https:\/\/rataparkki.fi\/#organization"},"potentialAction":[{"@type":"SearchAction","target":{"@type":"EntryPoint","urlTemplate":"https:\/\/rataparkki.fi\/?s={search_term_string}"},"query-input":{"@type":"PropertyValueSpecification","valueRequired":true,"valueName":"search_term_string"}}],"inLanguage":"en-GB"},{"@type":"Organization","@id":"https:\/\/rataparkki.fi\/#organization","name":"Rataparkki","url":"https:\/\/rataparkki.fi\/","logo":{"@type":"ImageObject","inLanguage":"en-GB","@id":"https:\/\/rataparkki.fi\/#\/schema\/logo\/image\/","url":"https:\/\/rataparkki.fi\/wp-content\/uploads\/2020\/01\/Rataparkki-logo.svg","contentUrl":"https:\/\/rataparkki.fi\/wp-content\/uploads\/2020\/01\/Rataparkki-logo.svg","width":102,"height":60,"caption":"Rataparkki"},"image":{"@id":"https:\/\/rataparkki.fi\/#\/schema\/logo\/image\/"}}]}},"_links":{"self":[{"href":"https:\/\/rataparkki.fi\/en\/wp-json\/wp\/v2\/pages\/204","targetHints":{"allow":["GET"]}}],"collection":[{"href":"https:\/\/rataparkki.fi\/en\/wp-json\/wp\/v2\/pages"}],"about":[{"href":"https:\/\/rataparkki.fi\/en\/wp-json\/wp\/v2\/types\/page"}],"author":[{"embeddable":true,"href":"https:\/\/rataparkki.fi\/en\/wp-json\/wp\/v2\/users\/4"}],"replies":[{"embeddable":true,"href":"https:\/\/rataparkki.fi\/en\/wp-json\/wp\/v2\/comments?post=204"}],"version-history":[{"count":22,"href":"https:\/\/rataparkki.fi\/en\/wp-json\/wp\/v2\/pages\/204\/revisions"}],"predecessor-version":[{"id":480,"href":"https:\/\/rataparkki.fi\/en\/wp-json\/wp\/v2\/pages\/204\/revisions\/480"}],"wp:attachment":[{"href":"https:\/\/rataparkki.fi\/en\/wp-json\/wp\/v2\/media?parent=204"}],"curies":[{"name":"wp","href":"https:\/\/api.w.org\/{rel}","templated":true}]}}