{"id":211,"date":"2019-12-13T15:47:32","date_gmt":"2019-12-13T15:47:32","guid":{"rendered":"https:\/\/rataparkki.fi\/?page_id=211"},"modified":"2025-03-05T05:59:18","modified_gmt":"2025-03-05T05:59:18","slug":"yhteystiedot","status":"publish","type":"page","link":"https:\/\/rataparkki.fi\/sv\/yhteystiedot\/","title":{"rendered":"Kontakt"},"content":{"rendered":"\t\t<div data-elementor-type=\"wp-page\" data-elementor-id=\"211\" class=\"elementor elementor-211\" data-elementor-post-type=\"page\">\n\t\t\t\t\t\t<section class=\"elementor-section elementor-top-section elementor-element elementor-element-c3fd817 elementor-section-height-min-height elementor-section-boxed elementor-section-height-default elementor-section-items-middle\" data-id=\"c3fd817\" data-element_type=\"section\" data-e-type=\"section\" data-settings=\"{&quot;background_background&quot;:&quot;classic&quot;}\">\n\t\t\t\t\t\t\t<div class=\"elementor-background-overlay\"><\/div>\n\t\t\t\t\t\t\t<div class=\"elementor-container elementor-column-gap-default\">\n\t\t\t\t\t<div class=\"elementor-column elementor-col-100 elementor-top-column elementor-element elementor-element-84bcc7d\" data-id=\"84bcc7d\" data-element_type=\"column\" data-e-type=\"column\">\n\t\t\t<div class=\"elementor-widget-wrap elementor-element-populated\">\n\t\t\t\t\t\t<div class=\"elementor-element elementor-element-961503a elementor-invisible elementor-widget elementor-widget-text-editor\" data-id=\"961503a\" data-element_type=\"widget\" data-e-type=\"widget\" data-settings=\"{&quot;motion_fx_motion_fx_scrolling&quot;:&quot;yes&quot;,&quot;motion_fx_translateY_effect&quot;:&quot;yes&quot;,&quot;motion_fx_translateY_direction&quot;:&quot;negative&quot;,&quot;motion_fx_translateY_speed&quot;:{&quot;unit&quot;:&quot;px&quot;,&quot;size&quot;:2,&quot;sizes&quot;:[]},&quot;_animation&quot;:&quot;fadeIn&quot;,&quot;motion_fx_translateY_affectedRange&quot;:{&quot;unit&quot;:&quot;%&quot;,&quot;size&quot;:&quot;&quot;,&quot;sizes&quot;:{&quot;start&quot;:0,&quot;end&quot;:100}},&quot;motion_fx_devices&quot;:[&quot;desktop&quot;,&quot;tablet&quot;,&quot;mobile&quot;]}\" data-widget_type=\"text-editor.default\">\n\t\t\t\t<div class=\"elementor-widget-container\">\n\t\t\t\t\t\t\t\t\t<h1 style=\"font-weight: 900;\">Yhteys&shy;tiedot<\/h1>\t\t\t\t\t\t\t\t<\/div>\n\t\t\t\t<\/div>\n\t\t\t\t\t<\/div>\n\t\t<\/div>\n\t\t\t\t\t<\/div>\n\t\t<\/section>\n\t\t\t\t<section class=\"elementor-section elementor-top-section elementor-element elementor-element-6e4dcde elementor-section-boxed elementor-section-height-default elementor-section-height-default\" data-id=\"6e4dcde\" data-element_type=\"section\" data-e-type=\"section\">\n\t\t\t\t\t\t<div class=\"elementor-container elementor-column-gap-default\">\n\t\t\t\t\t<div class=\"elementor-column elementor-col-50 elementor-top-column elementor-element elementor-element-cd332b5\" data-id=\"cd332b5\" data-element_type=\"column\" data-e-type=\"column\">\n\t\t\t<div class=\"elementor-widget-wrap elementor-element-populated\">\n\t\t\t\t\t\t<div class=\"elementor-element elementor-element-a79f880 elementor-widget elementor-widget-heading\" data-id=\"a79f880\" data-element_type=\"widget\" data-e-type=\"widget\" data-widget_type=\"heading.default\">\n\t\t\t\t<div class=\"elementor-widget-container\">\n\t\t\t\t\t<h2 class=\"elementor-heading-title elementor-size-default\">Ratakujan Pys\u00e4k\u00f6innin asiakaspalvelu<\/h2>\t\t\t\t<\/div>\n\t\t\t\t<\/div>\n\t\t\t\t<div class=\"elementor-element elementor-element-aee87d8 elementor-widget elementor-widget-text-editor\" data-id=\"aee87d8\" data-element_type=\"widget\" data-e-type=\"widget\" data-widget_type=\"text-editor.default\">\n\t\t\t\t<div class=\"elementor-widget-container\">\n\t\t\t\t\t\t\t\t\t<p>Rataparkin asiakaspalvelusta ja teknisest\u00e4 is\u00e4nn\u00f6innist\u00e4 vastaa Suomen Pys\u00e4k\u00f6intihallinta Oy,<br \/>Asiakaspalvelu ark. klo 08.00\u201316.00 Puh 050 408 4855.<\/p><p>Ongelmatilanteissa on my\u00f6s mahdollista ottaa yhteys asiakaspalveluumme k\u00e4yntiovien vieress\u00e4 olevilla maksuttomilla pikapuhelimilla.<\/p>\t\t\t\t\t\t\t\t<\/div>\n\t\t\t\t<\/div>\n\t\t\t\t<div class=\"elementor-element elementor-element-aa72770 elementor-widget elementor-widget-image\" data-id=\"aa72770\" data-element_type=\"widget\" data-e-type=\"widget\" data-widget_type=\"image.default\">\n\t\t\t\t<div class=\"elementor-widget-container\">\n\t\t\t\t\t\t\t\t\t\t\t\t\t\t\t<img fetchpriority=\"high\" decoding=\"async\" width=\"800\" height=\"405\" src=\"https:\/\/rataparkki.fi\/wp-content\/uploads\/2019\/12\/Ratakujan-parkki-1024x518.jpg\" class=\"attachment-large size-large wp-image-368\" alt=\"\" srcset=\"https:\/\/rataparkki.fi\/wp-content\/uploads\/2019\/12\/Ratakujan-parkki-1024x518.jpg.webp 1024w, https:\/\/rataparkki.fi\/wp-content\/uploads\/2019\/12\/Ratakujan-parkki-300x152.jpg.webp 300w, https:\/\/rataparkki.fi\/wp-content\/uploads\/2019\/12\/Ratakujan-parkki-768x389.jpg.webp 768w, https:\/\/rataparkki.fi\/wp-content\/uploads\/2019\/12\/Ratakujan-parkki-1536x777.jpg.webp 1536w, https:\/\/rataparkki.fi\/wp-content\/uploads\/2019\/12\/Ratakujan-parkki.jpg 1800w\" sizes=\"(max-width: 800px) 100vw, 800px\" \/>\t\t\t\t\t\t\t\t\t\t\t\t\t\t\t<\/div>\n\t\t\t\t<\/div>\n\t\t\t\t<div class=\"elementor-element elementor-element-1460155 elementor-widget elementor-widget-image\" data-id=\"1460155\" data-element_type=\"widget\" data-e-type=\"widget\" data-widget_type=\"image.default\">\n\t\t\t\t<div class=\"elementor-widget-container\">\n\t\t\t\t\t\t\t\t\t\t\t\t\t\t\t<img decoding=\"async\" src=\"https:\/\/rataparkki.fi\/wp-content\/uploads\/2019\/12\/Tikkuparkki-ovipuhelin.jpg\" title=\"\" alt=\"\" loading=\"lazy\" \/>\t\t\t\t\t\t\t\t\t\t\t\t\t\t\t<\/div>\n\t\t\t\t<\/div>\n\t\t\t\t\t<\/div>\n\t\t<\/div>\n\t\t\t\t<div class=\"elementor-column elementor-col-50 elementor-top-column elementor-element elementor-element-328eee7\" data-id=\"328eee7\" data-element_type=\"column\" data-e-type=\"column\">\n\t\t\t<div class=\"elementor-widget-wrap elementor-element-populated\">\n\t\t\t\t\t\t<div class=\"elementor-element elementor-element-edf744e elementor-widget elementor-widget-heading\" data-id=\"edf744e\" data-element_type=\"widget\" data-e-type=\"widget\" data-widget_type=\"heading.default\">\n\t\t\t\t<div class=\"elementor-widget-container\">\n\t\t\t\t\t<h2 class=\"elementor-heading-title elementor-size-default\">Kiinteist\u00f6nhoito<\/h2>\t\t\t\t<\/div>\n\t\t\t\t<\/div>\n\t\t\t\t<div class=\"elementor-element elementor-element-53912f1 elementor-widget elementor-widget-text-editor\" data-id=\"53912f1\" data-element_type=\"widget\" data-e-type=\"widget\" data-widget_type=\"text-editor.default\">\n\t\t\t\t<div class=\"elementor-widget-container\">\n\t\t\t\t\t\t\t\t\t<p>Pys\u00e4k\u00f6intilaitoksen kiinteist\u00f6nhoidosta vastaa Hakunilan huolto Oy,<\/p><p>Asuma Palvelut<br \/>Kannuskuja 2<br \/>01200 Vantaa<br \/><a href=\"tel:0207792300\">0207792300<\/a> \/ 24h<br \/><a href=\"mailto:aspa@asumapalvelut.fi\">aspa@asumapalvelut.fi<\/a><\/p>\t\t\t\t\t\t\t\t<\/div>\n\t\t\t\t<\/div>\n\t\t\t\t<div class=\"elementor-element elementor-element-2436646 elementor-widget elementor-widget-heading\" data-id=\"2436646\" data-element_type=\"widget\" data-e-type=\"widget\" data-widget_type=\"heading.default\">\n\t\t\t\t<div class=\"elementor-widget-container\">\n\t\t\t\t\t<h2 class=\"elementor-heading-title elementor-size-default\">Sopimuspys\u00e4k\u00f6inti<\/h2>\t\t\t\t<\/div>\n\t\t\t\t<\/div>\n\t\t\t\t<div class=\"elementor-element elementor-element-9fa4bcd elementor-widget elementor-widget-text-editor\" data-id=\"9fa4bcd\" data-element_type=\"widget\" data-e-type=\"widget\" data-widget_type=\"text-editor.default\">\n\t\t\t\t<div class=\"elementor-widget-container\">\n\t\t\t\t\t\t\t\t\t<p>Pitk\u00e4aikaisesta sopimuspys\u00e4k\u00f6innist\u00e4 saa lis\u00e4tietoja Suomen Pys\u00e4k\u00f6intihallinnalta soittamalla asiakaspalvelun puhelinnumero on <a href=\"tel:+358504084855\">050\u00a0408 4855<\/a> ark. 08.00\u201316.00 tai s\u00e4hk\u00f6postilla\u00a0<a href=\"mailto:sopimus@pysakointihallinta.fi\">sopimus@pysakointihallinta.fi<\/a><\/p>\t\t\t\t\t\t\t\t<\/div>\n\t\t\t\t<\/div>\n\t\t\t\t<div class=\"elementor-element elementor-element-065b31a elementor-widget elementor-widget-heading\" data-id=\"065b31a\" data-element_type=\"widget\" data-e-type=\"widget\" data-widget_type=\"heading.default\">\n\t\t\t\t<div class=\"elementor-widget-container\">\n\t\t\t\t\t<h2 class=\"elementor-heading-title elementor-size-default\">Sopimuspys\u00e4k\u00f6innin laskutustiedot<\/h2>\t\t\t\t<\/div>\n\t\t\t\t<\/div>\n\t\t\t\t<div class=\"elementor-element elementor-element-c8944ec elementor-widget elementor-widget-text-editor\" data-id=\"c8944ec\" data-element_type=\"widget\" data-e-type=\"widget\" data-widget_type=\"text-editor.default\">\n\t\t\t\t<div class=\"elementor-widget-container\">\n\t\t\t\t\t\t\t\t\t<p>Sopimuspys\u00e4k\u00f6innin laskutusta koskevissa asioissa, ota yhteys<\/p><p>S\u00e4hk\u00f6posti: <a href=\"mailto:pysakointilaskutus@vantaa.fi\">pysakointilaskutus@vantaa.fi<\/a><br \/>Puhelimitse <a href=\"tel:+358503045138\">050 304 5138<\/a> (Martyna Rantanen).<\/p>\t\t\t\t\t\t\t\t<\/div>\n\t\t\t\t<\/div>\n\t\t\t\t<div class=\"elementor-element elementor-element-4d135e3 elementor-widget elementor-widget-heading\" data-id=\"4d135e3\" data-element_type=\"widget\" data-e-type=\"widget\" data-widget_type=\"heading.default\">\n\t\t\t\t<div class=\"elementor-widget-container\">\n\t\t\t\t\t<h2 class=\"elementor-heading-title elementor-size-default\">Ratakujan pys\u00e4k\u00f6inti Oy<\/h2>\t\t\t\t<\/div>\n\t\t\t\t<\/div>\n\t\t\t\t<div class=\"elementor-element elementor-element-524dc2e elementor-widget elementor-widget-text-editor\" data-id=\"524dc2e\" data-element_type=\"widget\" data-e-type=\"widget\" data-widget_type=\"text-editor.default\">\n\t\t\t\t<div class=\"elementor-widget-container\">\n\t\t\t\t\t\t\t\t\t<p>Ratakuja 3<br \/>01300 Vantaa<\/p><p>Y-tunnus:<br \/>2229254-2 <\/p>\t\t\t\t\t\t\t\t<\/div>\n\t\t\t\t<\/div>\n\t\t\t\t\t<\/div>\n\t\t<\/div>\n\t\t\t\t\t<\/div>\n\t\t<\/section>\n\t\t\t\t<\/div>\n\t\t","protected":false},"excerpt":{"rendered":"<p>Yhteys&shy;tiedot Ratakujan Pys\u00e4k\u00f6innin asiakaspalvelu Rataparkin asiakaspalvelusta ja teknisest\u00e4 is\u00e4nn\u00f6innist\u00e4 vastaa Suomen Pys\u00e4k\u00f6intihallinta Oy,Asiakaspalvelu ark. klo 08.00\u201316.00 Puh 050 408 4855. Ongelmatilanteissa on my\u00f6s mahdollista ottaa yhteys asiakaspalveluumme k\u00e4yntiovien vieress\u00e4 olevilla maksuttomilla pikapuhelimilla. Kiinteist\u00f6nhoito Pys\u00e4k\u00f6intilaitoksen kiinteist\u00f6nhoidosta vastaa Hakunilan huolto Oy, Asuma PalvelutKannuskuja 201200 Vantaa0207792300 \/ 24haspa@asumapalvelut.fi Sopimuspys\u00e4k\u00f6inti Pitk\u00e4aikaisesta sopimuspys\u00e4k\u00f6innist\u00e4 saa lis\u00e4tietoja Suomen Pys\u00e4k\u00f6intihallinnalta soittamalla asiakaspalvelun puhelinnumero [&hellip;]<\/p>\n","protected":false},"author":4,"featured_media":0,"parent":0,"menu_order":0,"comment_status":"closed","ping_status":"closed","template":"","meta":{"footnotes":""},"class_list":["post-211","page","type-page","status-publish","hentry"],"yoast_head":"<!-- This site is optimized with the Yoast SEO plugin v27.3 - https:\/\/yoast.com\/product\/yoast-seo-wordpress\/ -->\n<title>Rataparkki yhteystiedot<\/title>\n<meta name=\"description\" content=\"Rataparkki yhteystiedot\" \/>\n<meta name=\"robots\" content=\"index, follow, max-snippet:-1, max-image-preview:large, max-video-preview:-1\" \/>\n<link rel=\"canonical\" href=\"https:\/\/rataparkki.fi\/sv\/yhteystiedot\/\" \/>\n<meta property=\"og:locale\" content=\"sv_SE\" \/>\n<meta property=\"og:type\" content=\"article\" \/>\n<meta property=\"og:title\" content=\"Rataparkki yhteystiedot\" \/>\n<meta property=\"og:description\" content=\"Rataparkki yhteystiedot\" \/>\n<meta property=\"og:url\" content=\"https:\/\/rataparkki.fi\/sv\/yhteystiedot\/\" \/>\n<meta property=\"og:site_name\" content=\"Rataparkki\" \/>\n<meta property=\"article:modified_time\" content=\"2025-03-05T05:59:18+00:00\" \/>\n<meta property=\"og:image\" content=\"https:\/\/rataparkki.fi\/wp-content\/uploads\/2019\/12\/Ratakujan-parkki.jpg\" \/>\n\t<meta property=\"og:image:width\" content=\"1800\" \/>\n\t<meta property=\"og:image:height\" content=\"911\" \/>\n\t<meta property=\"og:image:type\" content=\"image\/jpeg\" \/>\n<meta name=\"twitter:card\" content=\"summary_large_image\" \/>\n<meta name=\"twitter:label1\" content=\"Ber\u00e4knad l\u00e4stid\" \/>\n\t<meta name=\"twitter:data1\" content=\"1 minut\" \/>\n<script type=\"application\/ld+json\" class=\"yoast-schema-graph\">{\"@context\":\"https:\\\/\\\/schema.org\",\"@graph\":[{\"@type\":\"WebPage\",\"@id\":\"https:\\\/\\\/rataparkki.fi\\\/yhteystiedot\\\/\",\"url\":\"https:\\\/\\\/rataparkki.fi\\\/yhteystiedot\\\/\",\"name\":\"Rataparkki yhteystiedot\",\"isPartOf\":{\"@id\":\"https:\\\/\\\/rataparkki.fi\\\/#website\"},\"primaryImageOfPage\":{\"@id\":\"https:\\\/\\\/rataparkki.fi\\\/yhteystiedot\\\/#primaryimage\"},\"image\":{\"@id\":\"https:\\\/\\\/rataparkki.fi\\\/yhteystiedot\\\/#primaryimage\"},\"thumbnailUrl\":\"https:\\\/\\\/rataparkki.fi\\\/wp-content\\\/uploads\\\/2019\\\/12\\\/Ratakujan-parkki-1024x518.jpg\",\"datePublished\":\"2019-12-13T15:47:32+00:00\",\"dateModified\":\"2025-03-05T05:59:18+00:00\",\"description\":\"Rataparkki yhteystiedot\",\"breadcrumb\":{\"@id\":\"https:\\\/\\\/rataparkki.fi\\\/yhteystiedot\\\/#breadcrumb\"},\"inLanguage\":\"sv-SE\",\"potentialAction\":[{\"@type\":\"ReadAction\",\"target\":[\"https:\\\/\\\/rataparkki.fi\\\/yhteystiedot\\\/\"]}]},{\"@type\":\"ImageObject\",\"inLanguage\":\"sv-SE\",\"@id\":\"https:\\\/\\\/rataparkki.fi\\\/yhteystiedot\\\/#primaryimage\",\"url\":\"https:\\\/\\\/rataparkki.fi\\\/wp-content\\\/uploads\\\/2019\\\/12\\\/Ratakujan-parkki-1024x518.jpg\",\"contentUrl\":\"https:\\\/\\\/rataparkki.fi\\\/wp-content\\\/uploads\\\/2019\\\/12\\\/Ratakujan-parkki-1024x518.jpg\"},{\"@type\":\"BreadcrumbList\",\"@id\":\"https:\\\/\\\/rataparkki.fi\\\/yhteystiedot\\\/#breadcrumb\",\"itemListElement\":[{\"@type\":\"ListItem\",\"position\":1,\"name\":\"Home\",\"item\":\"https:\\\/\\\/rataparkki.fi\\\/\"},{\"@type\":\"ListItem\",\"position\":2,\"name\":\"Yhteystiedot\"}]},{\"@type\":\"WebSite\",\"@id\":\"https:\\\/\\\/rataparkki.fi\\\/#website\",\"url\":\"https:\\\/\\\/rataparkki.fi\\\/\",\"name\":\"Rataparkki\",\"description\":\"admin_q51g3vvk\",\"publisher\":{\"@id\":\"https:\\\/\\\/rataparkki.fi\\\/#organization\"},\"potentialAction\":[{\"@type\":\"SearchAction\",\"target\":{\"@type\":\"EntryPoint\",\"urlTemplate\":\"https:\\\/\\\/rataparkki.fi\\\/?s={search_term_string}\"},\"query-input\":{\"@type\":\"PropertyValueSpecification\",\"valueRequired\":true,\"valueName\":\"search_term_string\"}}],\"inLanguage\":\"sv-SE\"},{\"@type\":\"Organization\",\"@id\":\"https:\\\/\\\/rataparkki.fi\\\/#organization\",\"name\":\"Rataparkki\",\"url\":\"https:\\\/\\\/rataparkki.fi\\\/\",\"logo\":{\"@type\":\"ImageObject\",\"inLanguage\":\"sv-SE\",\"@id\":\"https:\\\/\\\/rataparkki.fi\\\/#\\\/schema\\\/logo\\\/image\\\/\",\"url\":\"https:\\\/\\\/rataparkki.fi\\\/wp-content\\\/uploads\\\/2020\\\/01\\\/Rataparkki-logo.svg\",\"contentUrl\":\"https:\\\/\\\/rataparkki.fi\\\/wp-content\\\/uploads\\\/2020\\\/01\\\/Rataparkki-logo.svg\",\"width\":102,\"height\":60,\"caption\":\"Rataparkki\"},\"image\":{\"@id\":\"https:\\\/\\\/rataparkki.fi\\\/#\\\/schema\\\/logo\\\/image\\\/\"}}]}<\/script>\n<!-- \/ Yoast SEO plugin. -->","yoast_head_json":{"title":"Rataparkki yhteystiedot","description":"Rataparkki yhteystiedot","robots":{"index":"index","follow":"follow","max-snippet":"max-snippet:-1","max-image-preview":"max-image-preview:large","max-video-preview":"max-video-preview:-1"},"canonical":"https:\/\/rataparkki.fi\/sv\/yhteystiedot\/","og_locale":"sv_SE","og_type":"article","og_title":"Rataparkki yhteystiedot","og_description":"Rataparkki yhteystiedot","og_url":"https:\/\/rataparkki.fi\/sv\/yhteystiedot\/","og_site_name":"Rataparkki","article_modified_time":"2025-03-05T05:59:18+00:00","og_image":[{"width":1800,"height":911,"url":"https:\/\/rataparkki.fi\/wp-content\/uploads\/2019\/12\/Ratakujan-parkki.jpg","type":"image\/jpeg"}],"twitter_card":"summary_large_image","twitter_misc":{"Ber\u00e4knad l\u00e4stid":"1 minut"},"schema":{"@context":"https:\/\/schema.org","@graph":[{"@type":"WebPage","@id":"https:\/\/rataparkki.fi\/yhteystiedot\/","url":"https:\/\/rataparkki.fi\/yhteystiedot\/","name":"Rataparkki yhteystiedot","isPartOf":{"@id":"https:\/\/rataparkki.fi\/#website"},"primaryImageOfPage":{"@id":"https:\/\/rataparkki.fi\/yhteystiedot\/#primaryimage"},"image":{"@id":"https:\/\/rataparkki.fi\/yhteystiedot\/#primaryimage"},"thumbnailUrl":"https:\/\/rataparkki.fi\/wp-content\/uploads\/2019\/12\/Ratakujan-parkki-1024x518.jpg","datePublished":"2019-12-13T15:47:32+00:00","dateModified":"2025-03-05T05:59:18+00:00","description":"Rataparkki yhteystiedot","breadcrumb":{"@id":"https:\/\/rataparkki.fi\/yhteystiedot\/#breadcrumb"},"inLanguage":"sv-SE","potentialAction":[{"@type":"ReadAction","target":["https:\/\/rataparkki.fi\/yhteystiedot\/"]}]},{"@type":"ImageObject","inLanguage":"sv-SE","@id":"https:\/\/rataparkki.fi\/yhteystiedot\/#primaryimage","url":"https:\/\/rataparkki.fi\/wp-content\/uploads\/2019\/12\/Ratakujan-parkki-1024x518.jpg","contentUrl":"https:\/\/rataparkki.fi\/wp-content\/uploads\/2019\/12\/Ratakujan-parkki-1024x518.jpg"},{"@type":"BreadcrumbList","@id":"https:\/\/rataparkki.fi\/yhteystiedot\/#breadcrumb","itemListElement":[{"@type":"ListItem","position":1,"name":"Home","item":"https:\/\/rataparkki.fi\/"},{"@type":"ListItem","position":2,"name":"Yhteystiedot"}]},{"@type":"WebSite","@id":"https:\/\/rataparkki.fi\/#website","url":"https:\/\/rataparkki.fi\/","name":"Rataparkki","description":"admin_q51g3vvk","publisher":{"@id":"https:\/\/rataparkki.fi\/#organization"},"potentialAction":[{"@type":"SearchAction","target":{"@type":"EntryPoint","urlTemplate":"https:\/\/rataparkki.fi\/?s={search_term_string}"},"query-input":{"@type":"PropertyValueSpecification","valueRequired":true,"valueName":"search_term_string"}}],"inLanguage":"sv-SE"},{"@type":"Organization","@id":"https:\/\/rataparkki.fi\/#organization","name":"Rataparkki","url":"https:\/\/rataparkki.fi\/","logo":{"@type":"ImageObject","inLanguage":"sv-SE","@id":"https:\/\/rataparkki.fi\/#\/schema\/logo\/image\/","url":"https:\/\/rataparkki.fi\/wp-content\/uploads\/2020\/01\/Rataparkki-logo.svg","contentUrl":"https:\/\/rataparkki.fi\/wp-content\/uploads\/2020\/01\/Rataparkki-logo.svg","width":102,"height":60,"caption":"Rataparkki"},"image":{"@id":"https:\/\/rataparkki.fi\/#\/schema\/logo\/image\/"}}]}},"_links":{"self":[{"href":"https:\/\/rataparkki.fi\/sv\/wp-json\/wp\/v2\/pages\/211","targetHints":{"allow":["GET"]}}],"collection":[{"href":"https:\/\/rataparkki.fi\/sv\/wp-json\/wp\/v2\/pages"}],"about":[{"href":"https:\/\/rataparkki.fi\/sv\/wp-json\/wp\/v2\/types\/page"}],"author":[{"embeddable":true,"href":"https:\/\/rataparkki.fi\/sv\/wp-json\/wp\/v2\/users\/4"}],"replies":[{"embeddable":true,"href":"https:\/\/rataparkki.fi\/sv\/wp-json\/wp\/v2\/comments?post=211"}],"version-history":[{"count":33,"href":"https:\/\/rataparkki.fi\/sv\/wp-json\/wp\/v2\/pages\/211\/revisions"}],"predecessor-version":[{"id":1234,"href":"https:\/\/rataparkki.fi\/sv\/wp-json\/wp\/v2\/pages\/211\/revisions\/1234"}],"wp:attachment":[{"href":"https:\/\/rataparkki.fi\/sv\/wp-json\/wp\/v2\/media?parent=211"}],"curies":[{"name":"wp","href":"https:\/\/api.w.org\/{rel}","templated":true}]}}